{"id":925,"date":"2021-02-27T21:00:15","date_gmt":"2021-02-27T21:00:15","guid":{"rendered":"https:\/\/kz-gedenkstaette-hailfingen-tailfingen.de\/?page_id=925"},"modified":"2021-02-27T21:31:53","modified_gmt":"2021-02-27T21:31:53","slug":"europaeisches-kulturerbesiegel","status":"publish","type":"page","link":"https:\/\/kz-gedenkstaette-hailfingen-tailfingen.de\/index.php\/europaeisches-kulturerbesiegel\/","title":{"rendered":"Europ\u00e4isches Kulturerbesiegel"},"content":{"rendered":"\n<div class=\"wp-block-image\"><figure class=\"aligncenter size-large\"><img loading=\"lazy\" width=\"600\" height=\"288\" src=\"https:\/\/kz-gedenkstaette-hailfingen-tailfingen.de\/wp-content\/uploads\/2021\/02\/EHL_Positif_DE-Ausschnitt-2.jpg\" alt=\"\" class=\"wp-image-930\" srcset=\"https:\/\/kz-gedenkstaette-hailfingen-tailfingen.de\/wp-content\/uploads\/2021\/02\/EHL_Positif_DE-Ausschnitt-2.jpg 600w, https:\/\/kz-gedenkstaette-hailfingen-tailfingen.de\/wp-content\/uploads\/2021\/02\/EHL_Positif_DE-Ausschnitt-2-300x144.jpg 300w\" sizes=\"(max-width: 600px) 100vw, 600px\" \/><\/figure><\/div>\n\n\n\n<p>In dem ehemaligen Konzentrationslager Natzweiler (Elsass) und seinen Au\u00dfenlagern waren H\u00e4ftlinge aus fast allen europ\u00e4ischen L\u00e4ndern dem nationalsozialistischen Terror ausgesetzt.<\/p>\n\n\n\n<p>Aufgrund seiner bedeutenden Rolle f\u00fcr die Geschichte und Kultur Europas&nbsp; wurde der Lagerkomplex von der Europ\u00e4ischen Union in die Liste der Europ\u00e4ischen Kulturerbest\u00e4tten aufgenommen.<\/p>\n\n\n\n<p>EUROPA ERINNERT SICH!<\/p>\n","protected":false},"excerpt":{"rendered":"<p>In dem ehemaligen Konzentrationslager Natzweiler (Elsass) und seinen Au\u00dfenlagern waren H\u00e4ftlinge aus fast allen europ\u00e4ischen L\u00e4ndern dem nationalsozialistischen Terror ausgesetzt. Aufgrund seiner bedeutenden Rolle f\u00fcr die Geschichte und Kultur Europas&nbsp; wurde der Lagerkomplex von der Europ\u00e4ischen Union in die Liste der Europ\u00e4ischen Kulturerbest\u00e4tten aufgenommen. EUROPA ERINNERT SICH!<\/p>\n","protected":false},"author":1,"featured_media":0,"parent":0,"menu_order":0,"comment_status":"closed","ping_status":"closed","template":"","meta":[],"_links":{"self":[{"href":"https:\/\/kz-gedenkstaette-hailfingen-tailfingen.de\/index.php\/wp-json\/wp\/v2\/pages\/925"}],"collection":[{"href":"https:\/\/kz-gedenkstaette-hailfingen-tailfingen.de\/index.php\/wp-json\/wp\/v2\/pages"}],"about":[{"href":"https:\/\/kz-gedenkstaette-hailfingen-tailfingen.de\/index.php\/wp-json\/wp\/v2\/types\/page"}],"author":[{"embeddable":true,"href":"https:\/\/kz-gedenkstaette-hailfingen-tailfingen.de\/index.php\/wp-json\/wp\/v2\/users\/1"}],"replies":[{"embeddable":true,"href":"https:\/\/kz-gedenkstaette-hailfingen-tailfingen.de\/index.php\/wp-json\/wp\/v2\/comments?post=925"}],"version-history":[{"count":3,"href":"https:\/\/kz-gedenkstaette-hailfingen-tailfingen.de\/index.php\/wp-json\/wp\/v2\/pages\/925\/revisions"}],"predecessor-version":[{"id":932,"href":"https:\/\/kz-gedenkstaette-hailfingen-tailfingen.de\/index.php\/wp-json\/wp\/v2\/pages\/925\/revisions\/932"}],"wp:attachment":[{"href":"https:\/\/kz-gedenkstaette-hailfingen-tailfingen.de\/index.php\/wp-json\/wp\/v2\/media?parent=925"}],"curies":[{"name":"wp","href":"https:\/\/api.w.org\/{rel}","templated":true}]}}