{"id":884,"date":"2021-02-16T15:09:18","date_gmt":"2021-02-16T15:09:18","guid":{"rendered":"https:\/\/kz-gedenkstaette-hailfingen-tailfingen.de\/?page_id=884"},"modified":"2022-07-18T19:36:29","modified_gmt":"2022-07-18T19:36:29","slug":"denk-pfeiler","status":"publish","type":"page","link":"https:\/\/kz-gedenkstaette-hailfingen-tailfingen.de\/index.php\/denk-pfeiler\/","title":{"rendered":"&#8222;Denk-Pfeiler&#8220;"},"content":{"rendered":"\n<div class=\"wp-block-image\"><figure class=\"aligncenter size-large\"><img loading=\"lazy\" width=\"600\" height=\"600\" src=\"https:\/\/kz-gedenkstaette-hailfingen-tailfingen.de\/wp-content\/uploads\/2021\/02\/IMG_0989-fuer-Wordpress-m.jpg\" alt=\"\" class=\"wp-image-885\" srcset=\"https:\/\/kz-gedenkstaette-hailfingen-tailfingen.de\/wp-content\/uploads\/2021\/02\/IMG_0989-fuer-Wordpress-m.jpg 600w, https:\/\/kz-gedenkstaette-hailfingen-tailfingen.de\/wp-content\/uploads\/2021\/02\/IMG_0989-fuer-Wordpress-m-300x300.jpg 300w, https:\/\/kz-gedenkstaette-hailfingen-tailfingen.de\/wp-content\/uploads\/2021\/02\/IMG_0989-fuer-Wordpress-m-150x150.jpg 150w\" sizes=\"(max-width: 600px) 100vw, 600px\" \/><figcaption>&#8222;Denk-Pfeiler&#8220;: Reste einer Flugzeughalle \u2013 Foto: J. Kuhn<\/figcaption><\/figure><\/div>\n\n\n\n<p>Eine der Arbeiten, bei denen 1944 und 1945 Zwangsarbeiter und Kriegsgefangene (und KZ-H\u00e4ftlinge) auf dem Flugplatz Hailfingen eingesetzt wurden, war der Bau von Flugzeughallen sowie breiten Rollwegen, die von der Startbahn zu den Hallen f\u00fchrten. Die Nachtj\u00e4ger sollten durch die dezentrale und unauff\u00e4llige Unterbringung vor Angriffen der Alliierten gesch\u00fctzt werden.<br><br>Von den urspr\u00fcnglich neun Flugzeughallen, von denen eine zur Unterbringung von H\u00e4ftlingen umfunktioniert wurde, sind nur noch Reste von zweien erhalten. Im Westen des Flugplatzes sind versteckt im Wald noch Fundamentreste einer Halle zu finden. Die Ruine der am \u00f6stlichsten gelegenen Halle, ist noch sehenswerter: Dort sind die meisten der Pfeiler erhalten geblieben und ragen imposant in den Himmel. Sie hatten \u2013 eingewachsen in B\u00e4umen, Efeu und Geb\u00fcsch \u2013 die Jahrzehnte \u00fcberdauert.<br><br>Im August 2016 wurden die versteckten Reste der Halle im Rahmen eines internationalen Workcamps freigelegt. Am 13. Juli 2018  wurde dieser Ort im Beisein des ehemaligen H\u00e4ftlings Nikolaos Skaltsas allen Zwangsarbeitern und Kriegsgefangenen gewidmet, die auf dem Flugplatz arbeiten mussten. Die <strong>\u201e<\/strong>Denk-Pfeiler<strong>\u201c<\/strong> mit ihren von dem Bildhauer Ralf Ehmann gestalteten Lettern mahnen uns seitdem in sechs Sprachen: Jeder Mensch hat einen Namen.<\/p>\n\n\n\n<p>Am 19.7.2022 wird zwischen zwei der Pfeiler die ebenfalls von Ralf Ehmann gestaltete <strong>\u201e<\/strong><a href=\"https:\/\/kz-gedenkstaette-hailfingen-tailfingen.de\/index.php\/gedenkwand\/\">Gedenkwand<\/a><strong>\u201c<\/strong> eingeweiht, die an die griechischen Zwangsarbeiter erinnern soll. <br><br>Der Gedenkort ist nicht mit dem PKW anzufahren, besser eignet sich der Besuch im Rahmen einer Radtour oder eines Spaziergangs. <\/p>\n\n\n\n<div class=\"wp-block-image\"><figure class=\"aligncenter size-large\"><img loading=\"lazy\" width=\"600\" height=\"461\" src=\"https:\/\/kz-gedenkstaette-hailfingen-tailfingen.de\/wp-content\/uploads\/2021\/02\/i.ge_.de_.wegbeschreibung_m.jpg\" alt=\"\" class=\"wp-image-886\" srcset=\"https:\/\/kz-gedenkstaette-hailfingen-tailfingen.de\/wp-content\/uploads\/2021\/02\/i.ge_.de_.wegbeschreibung_m.jpg 600w, https:\/\/kz-gedenkstaette-hailfingen-tailfingen.de\/wp-content\/uploads\/2021\/02\/i.ge_.de_.wegbeschreibung_m-300x231.jpg 300w\" sizes=\"(max-width: 600px) 100vw, 600px\" \/><\/figure><\/div>\n","protected":false},"excerpt":{"rendered":"<p>Eine der Arbeiten, bei denen 1944 und 1945 Zwangsarbeiter und Kriegsgefangene (und KZ-H\u00e4ftlinge) auf dem Flugplatz Hailfingen eingesetzt wurden, war der Bau von Flugzeughallen sowie breiten Rollwegen, die von der Startbahn zu den Hallen f\u00fchrten. Die Nachtj\u00e4ger sollten durch die dezentrale und unauff\u00e4llige Unterbringung vor Angriffen der Alliierten gesch\u00fctzt werden. Von den urspr\u00fcnglich neun Flugzeughallen, [&hellip;]<\/p>\n","protected":false},"author":1,"featured_media":0,"parent":0,"menu_order":0,"comment_status":"closed","ping_status":"closed","template":"","meta":[],"_links":{"self":[{"href":"https:\/\/kz-gedenkstaette-hailfingen-tailfingen.de\/index.php\/wp-json\/wp\/v2\/pages\/884"}],"collection":[{"href":"https:\/\/kz-gedenkstaette-hailfingen-tailfingen.de\/index.php\/wp-json\/wp\/v2\/pages"}],"about":[{"href":"https:\/\/kz-gedenkstaette-hailfingen-tailfingen.de\/index.php\/wp-json\/wp\/v2\/types\/page"}],"author":[{"embeddable":true,"href":"https:\/\/kz-gedenkstaette-hailfingen-tailfingen.de\/index.php\/wp-json\/wp\/v2\/users\/1"}],"replies":[{"embeddable":true,"href":"https:\/\/kz-gedenkstaette-hailfingen-tailfingen.de\/index.php\/wp-json\/wp\/v2\/comments?post=884"}],"version-history":[{"count":6,"href":"https:\/\/kz-gedenkstaette-hailfingen-tailfingen.de\/index.php\/wp-json\/wp\/v2\/pages\/884\/revisions"}],"predecessor-version":[{"id":1715,"href":"https:\/\/kz-gedenkstaette-hailfingen-tailfingen.de\/index.php\/wp-json\/wp\/v2\/pages\/884\/revisions\/1715"}],"wp:attachment":[{"href":"https:\/\/kz-gedenkstaette-hailfingen-tailfingen.de\/index.php\/wp-json\/wp\/v2\/media?parent=884"}],"curies":[{"name":"wp","href":"https:\/\/api.w.org\/{rel}","templated":true}]}}