{"id":866,"date":"2021-02-11T19:21:09","date_gmt":"2021-02-11T19:21:09","guid":{"rendered":"https:\/\/kz-gedenkstaette-hailfingen-tailfingen.de\/?page_id=866"},"modified":"2021-02-11T19:31:25","modified_gmt":"2021-02-11T19:31:25","slug":"mahnmal","status":"publish","type":"page","link":"https:\/\/kz-gedenkstaette-hailfingen-tailfingen.de\/index.php\/mahnmal\/","title":{"rendered":"Mahnmal"},"content":{"rendered":"\n<div class=\"wp-block-image\"><figure class=\"aligncenter size-large\"><img loading=\"lazy\" width=\"600\" height=\"600\" src=\"https:\/\/kz-gedenkstaette-hailfingen-tailfingen.de\/wp-content\/uploads\/2021\/02\/IMG_0837-fuer-Wordpress-m.jpg\" alt=\"\" class=\"wp-image-867\" srcset=\"https:\/\/kz-gedenkstaette-hailfingen-tailfingen.de\/wp-content\/uploads\/2021\/02\/IMG_0837-fuer-Wordpress-m.jpg 600w, https:\/\/kz-gedenkstaette-hailfingen-tailfingen.de\/wp-content\/uploads\/2021\/02\/IMG_0837-fuer-Wordpress-m-300x300.jpg 300w, https:\/\/kz-gedenkstaette-hailfingen-tailfingen.de\/wp-content\/uploads\/2021\/02\/IMG_0837-fuer-Wordpress-m-150x150.jpg 150w\" sizes=\"(max-width: 600px) 100vw, 600px\" \/><figcaption>Mahnmal f\u00fcr die 601 j\u00fcdischen KZ-H\u00e4ftlinge des Lagers Hailfingen\/Tailfingen<\/figcaption><\/figure><\/div>\n\n\n\n<p>Zur Erinnerung an die 601 j\u00fcdischen H\u00e4ftlinge des KZ-Au\u00dfenlagers Hailfingen\/Tailfingen lie\u00df die Stadt Rottenburg ein Mahnmal errichten. Die aus Aluminium und Beton gefertigte Plastik wurde von dem Ellwangener Bildhauer Rudolf Kurz gestaltet. Eingraviert sind die Namen aller 601 H\u00e4ftlinge des Lagers. Auf eine Reihung nach Alphabet oder Herkunftsland wurde bewusst verzichtet. <\/p>\n\n\n\n<p>Das Mahnmal ist am Westende der von B\u00fcschen \u00fcberwachsenen Startbahn des ehemaligen Nachtj\u00e4gerflugplatzes Hailfingen zu finden. Um den Flugplatz zu erweitern, wurden die H\u00e4ftlinge  im Winter 1944\/45 zur Schwerarbeit gezwungen und unmenschlichen Lebensbedingungen ausgesetzt. Mindestens 189 von ihnen starben innerhalb der 3 Monate im Lager Hailfingen\/Tailfingen. Viele weitere starben in nachfolgenden Lagern. Wer die Befreiung erlebte, war traumatisiert und hatte lebenslang mit den Folgen zu k\u00e4mpfen. Vier der \u00fcberlebenden H\u00e4ftlinge konnten der Einweihung am 6. Juni 2010 beiwohnen. Mit mehreren der \u00dcberlebenden steht die Gedenkst\u00e4tte auch 2021 noch in Kontakt.<br><br>Der Flugplatz liegt zwischen G\u00e4ufelden-Tailfingen und Hailfingen. Mit dem Auto ist das Mahnmal nur aus n\u00f6rdlicher Richtung anzufahren. Auf der Landesstra\u00dfe L1359 ist der Abzweig zwischen Tailfingen und \u00d6schelbronn ausgeschildert.<\/p>\n","protected":false},"excerpt":{"rendered":"<p>Zur Erinnerung an die 601 j\u00fcdischen H\u00e4ftlinge des KZ-Au\u00dfenlagers Hailfingen\/Tailfingen lie\u00df die Stadt Rottenburg ein Mahnmal errichten. Die aus Aluminium und Beton gefertigte Plastik wurde von dem Ellwangener Bildhauer Rudolf Kurz gestaltet. Eingraviert sind die Namen aller 601 H\u00e4ftlinge des Lagers. Auf eine Reihung nach Alphabet oder Herkunftsland wurde bewusst verzichtet. Das Mahnmal ist am [&hellip;]<\/p>\n","protected":false},"author":1,"featured_media":0,"parent":0,"menu_order":0,"comment_status":"closed","ping_status":"closed","template":"","meta":[],"_links":{"self":[{"href":"https:\/\/kz-gedenkstaette-hailfingen-tailfingen.de\/index.php\/wp-json\/wp\/v2\/pages\/866"}],"collection":[{"href":"https:\/\/kz-gedenkstaette-hailfingen-tailfingen.de\/index.php\/wp-json\/wp\/v2\/pages"}],"about":[{"href":"https:\/\/kz-gedenkstaette-hailfingen-tailfingen.de\/index.php\/wp-json\/wp\/v2\/types\/page"}],"author":[{"embeddable":true,"href":"https:\/\/kz-gedenkstaette-hailfingen-tailfingen.de\/index.php\/wp-json\/wp\/v2\/users\/1"}],"replies":[{"embeddable":true,"href":"https:\/\/kz-gedenkstaette-hailfingen-tailfingen.de\/index.php\/wp-json\/wp\/v2\/comments?post=866"}],"version-history":[{"count":2,"href":"https:\/\/kz-gedenkstaette-hailfingen-tailfingen.de\/index.php\/wp-json\/wp\/v2\/pages\/866\/revisions"}],"predecessor-version":[{"id":871,"href":"https:\/\/kz-gedenkstaette-hailfingen-tailfingen.de\/index.php\/wp-json\/wp\/v2\/pages\/866\/revisions\/871"}],"wp:attachment":[{"href":"https:\/\/kz-gedenkstaette-hailfingen-tailfingen.de\/index.php\/wp-json\/wp\/v2\/media?parent=866"}],"curies":[{"name":"wp","href":"https:\/\/api.w.org\/{rel}","templated":true}]}}