{"id":714,"date":"2020-11-16T13:44:11","date_gmt":"2020-11-16T13:44:11","guid":{"rendered":"https:\/\/kz-gedenkstaette-hailfingen-tailfingen.de\/?page_id=714"},"modified":"2020-11-16T13:44:11","modified_gmt":"2020-11-16T13:44:11","slug":"disclaimer","status":"publish","type":"page","link":"https:\/\/kz-gedenkstaette-hailfingen-tailfingen.de\/index.php\/disclaimer\/","title":{"rendered":"Disclaimer"},"content":{"rendered":"\n<p>Wir haben uns bem\u00fcht, unser Angebot sorgf\u00e4ltig auszuw\u00e4hlen. Falls Ihnen die Ver\u00f6ffentlichung eines Inhalts trotzdem unangebracht erscheint, scheuen Sie sich nicht, die Webmaster dieser Seite oder unseren Vorsitzenden zu\u00a0<a href=\"https:\/\/kz-gedenkstaette-hailfingen-tailfingen.de\/index.php\/impressum\/\">kontaktieren<\/a>!<br>Gerne nehmen wir auch weiteres Material, Informationen, Erg\u00e4nzungen, Verbesserungsvorschl\u00e4ge und Fehlermeldungen entgegen.<\/p>\n\n\n\n<p><a href=\"http:\/\/www.disclaimer.de\/disclaimer.htm?farbe=E5E5FF\/000088\/1111FF\/1111FF\">www.disclaimer.de<\/a><\/p>\n","protected":false},"excerpt":{"rendered":"<p>Wir haben uns bem\u00fcht, unser Angebot sorgf\u00e4ltig auszuw\u00e4hlen. Falls Ihnen die Ver\u00f6ffentlichung eines Inhalts trotzdem unangebracht erscheint, scheuen Sie sich nicht, die Webmaster dieser Seite oder unseren Vorsitzenden zu\u00a0kontaktieren!Gerne nehmen wir auch weiteres Material, Informationen, Erg\u00e4nzungen, Verbesserungsvorschl\u00e4ge und Fehlermeldungen entgegen. www.disclaimer.de<\/p>\n","protected":false},"author":1,"featured_media":0,"parent":0,"menu_order":0,"comment_status":"closed","ping_status":"closed","template":"","meta":[],"_links":{"self":[{"href":"https:\/\/kz-gedenkstaette-hailfingen-tailfingen.de\/index.php\/wp-json\/wp\/v2\/pages\/714"}],"collection":[{"href":"https:\/\/kz-gedenkstaette-hailfingen-tailfingen.de\/index.php\/wp-json\/wp\/v2\/pages"}],"about":[{"href":"https:\/\/kz-gedenkstaette-hailfingen-tailfingen.de\/index.php\/wp-json\/wp\/v2\/types\/page"}],"author":[{"embeddable":true,"href":"https:\/\/kz-gedenkstaette-hailfingen-tailfingen.de\/index.php\/wp-json\/wp\/v2\/users\/1"}],"replies":[{"embeddable":true,"href":"https:\/\/kz-gedenkstaette-hailfingen-tailfingen.de\/index.php\/wp-json\/wp\/v2\/comments?post=714"}],"version-history":[{"count":1,"href":"https:\/\/kz-gedenkstaette-hailfingen-tailfingen.de\/index.php\/wp-json\/wp\/v2\/pages\/714\/revisions"}],"predecessor-version":[{"id":715,"href":"https:\/\/kz-gedenkstaette-hailfingen-tailfingen.de\/index.php\/wp-json\/wp\/v2\/pages\/714\/revisions\/715"}],"wp:attachment":[{"href":"https:\/\/kz-gedenkstaette-hailfingen-tailfingen.de\/index.php\/wp-json\/wp\/v2\/media?parent=714"}],"curies":[{"name":"wp","href":"https:\/\/api.w.org\/{rel}","templated":true}]}}