{"id":710,"date":"2020-11-16T13:37:42","date_gmt":"2020-11-16T13:37:42","guid":{"rendered":"https:\/\/kz-gedenkstaette-hailfingen-tailfingen.de\/?page_id=710"},"modified":"2020-11-16T13:37:42","modified_gmt":"2020-11-16T13:37:42","slug":"datenschutz","status":"publish","type":"page","link":"https:\/\/kz-gedenkstaette-hailfingen-tailfingen.de\/index.php\/datenschutz\/","title":{"rendered":"Datenschutz"},"content":{"rendered":"\n<p>Die KZ-Gedenkst\u00e4tte Hailfingen\/Tailfingen nimmt den Schutz Ihrer Daten ernst und respektiert Ihre Privatsph\u00e4re. Wie wir die Datenschutzgrundverordnung (DSGVO) umsetzen, erkl\u00e4ren wir in unserer Datenschutzordnung:<\/p>\n\n\n\n<p><a href=\"https:\/\/kz-gedenkstaette-hailfingen-tailfingen.de\/pdf\/datenschutzordnung_v2018-08-31.pdf\">Datenschutzordnung<\/a>&nbsp;(PDF)<br>Stand 31.8.2018<\/p>\n\n\n\n<p>Hier finden Sie zus\u00e4tzliche Informationen, wie und wie lange wir personenbezogene Daten erheben:<\/p>\n\n\n\n<p><a href=\"https:\/\/kz-gedenkstaette-hailfingen-tailfingen.de\/pdf\/info-personenbezogene-daten.pdf\">Informationen zur Erhebung von personenbezogenen Daten<\/a>&nbsp;(PDF)<br>Stand 14.6.2018<\/p>\n\n\n\n<p>Welche Personen in unserem Verein Zugriff auf welche Daten haben, k\u00f6nnen Sie folgendem Verzeichnis entnehmen:<\/p>\n\n\n\n<p><a href=\"https:\/\/kz-gedenkstaette-hailfingen-tailfingen.de\/pdf\/verzeichnis-verarbeitungstaetigkeiten.pdf\">Verzeichnis von Verarbeitungst\u00e4tigkeiten<\/a>&nbsp;(PDF)<br>Stand 14.6.2018<\/p>\n","protected":false},"excerpt":{"rendered":"<p>Die KZ-Gedenkst\u00e4tte Hailfingen\/Tailfingen nimmt den Schutz Ihrer Daten ernst und respektiert Ihre Privatsph\u00e4re. Wie wir die Datenschutzgrundverordnung (DSGVO) umsetzen, erkl\u00e4ren wir in unserer Datenschutzordnung: Datenschutzordnung&nbsp;(PDF)Stand 31.8.2018 Hier finden Sie zus\u00e4tzliche Informationen, wie und wie lange wir personenbezogene Daten erheben: Informationen zur Erhebung von personenbezogenen Daten&nbsp;(PDF)Stand 14.6.2018 Welche Personen in unserem Verein Zugriff auf welche Daten [&hellip;]<\/p>\n","protected":false},"author":1,"featured_media":0,"parent":0,"menu_order":0,"comment_status":"closed","ping_status":"closed","template":"","meta":[],"_links":{"self":[{"href":"https:\/\/kz-gedenkstaette-hailfingen-tailfingen.de\/index.php\/wp-json\/wp\/v2\/pages\/710"}],"collection":[{"href":"https:\/\/kz-gedenkstaette-hailfingen-tailfingen.de\/index.php\/wp-json\/wp\/v2\/pages"}],"about":[{"href":"https:\/\/kz-gedenkstaette-hailfingen-tailfingen.de\/index.php\/wp-json\/wp\/v2\/types\/page"}],"author":[{"embeddable":true,"href":"https:\/\/kz-gedenkstaette-hailfingen-tailfingen.de\/index.php\/wp-json\/wp\/v2\/users\/1"}],"replies":[{"embeddable":true,"href":"https:\/\/kz-gedenkstaette-hailfingen-tailfingen.de\/index.php\/wp-json\/wp\/v2\/comments?post=710"}],"version-history":[{"count":1,"href":"https:\/\/kz-gedenkstaette-hailfingen-tailfingen.de\/index.php\/wp-json\/wp\/v2\/pages\/710\/revisions"}],"predecessor-version":[{"id":711,"href":"https:\/\/kz-gedenkstaette-hailfingen-tailfingen.de\/index.php\/wp-json\/wp\/v2\/pages\/710\/revisions\/711"}],"wp:attachment":[{"href":"https:\/\/kz-gedenkstaette-hailfingen-tailfingen.de\/index.php\/wp-json\/wp\/v2\/media?parent=710"}],"curies":[{"name":"wp","href":"https:\/\/api.w.org\/{rel}","templated":true}]}}