{"id":698,"date":"2020-11-16T08:54:15","date_gmt":"2020-11-16T08:54:15","guid":{"rendered":"https:\/\/kz-gedenkstaette-hailfingen-tailfingen.de\/?page_id=698"},"modified":"2021-10-21T11:08:15","modified_gmt":"2021-10-21T11:08:15","slug":"das-lager","status":"publish","type":"page","link":"https:\/\/kz-gedenkstaette-hailfingen-tailfingen.de\/index.php\/das-lager\/","title":{"rendered":"Das Lager"},"content":{"rendered":"\n<div class=\"wp-block-image\"><figure class=\"aligncenter size-large\"><img loading=\"lazy\" width=\"1024\" height=\"683\" src=\"https:\/\/kz-gedenkstaette-hailfingen-tailfingen.de\/wp-content\/uploads\/2020\/11\/Panorama-Ausschnitt-1024x683.jpg\" alt=\"\" class=\"wp-image-699\" srcset=\"https:\/\/kz-gedenkstaette-hailfingen-tailfingen.de\/wp-content\/uploads\/2020\/11\/Panorama-Ausschnitt-1024x683.jpg 1024w, https:\/\/kz-gedenkstaette-hailfingen-tailfingen.de\/wp-content\/uploads\/2020\/11\/Panorama-Ausschnitt-300x200.jpg 300w, https:\/\/kz-gedenkstaette-hailfingen-tailfingen.de\/wp-content\/uploads\/2020\/11\/Panorama-Ausschnitt-768x512.jpg 768w, https:\/\/kz-gedenkstaette-hailfingen-tailfingen.de\/wp-content\/uploads\/2020\/11\/Panorama-Ausschnitt-1536x1024.jpg 1536w, https:\/\/kz-gedenkstaette-hailfingen-tailfingen.de\/wp-content\/uploads\/2020\/11\/Panorama-Ausschnitt.jpg 1620w\" sizes=\"(max-width: 1024px) 100vw, 1024px\" \/><figcaption><font color=\"black\">Collage aus Luftbildern vom 18.4.1945<\/font><\/figcaption><\/figure><\/div>\n\n\n\n<p>Der Hailfinger Flugplatz sollte im Jahr 1944 so erweitert werden, dass er sich f\u00fcr den Einsatz von Nachtj\u00e4gern eignet. Aus Mangel an deutschen Arbeitskr\u00e4ften wurden bei den Bauarbeiten bis zum Ende des Zweiten Weltkriegs ca. 2000 Kriegsgefangene, Zwangsarbeiter und KZ-H\u00e4ftlinge zur Arbeit gezwungen.<br><br>Am 19.11.1944 traf ein Transport vom Konzentrationslager Stutthof (bei Danzig) ein, der 601 H\u00e4ftlinge nach Tailfingen brachte, wo das \u201eArbeitslager Hailfingen\u201c, ein KZ-Au\u00dfenlager von Natzweiler\/Struthof (Elsass), eingerichtet wurde. Die KZ-H\u00e4ftlinge waren f\u00fcr den Ausbau des Nachtj\u00e4gerflugplatzes beantragt worden, auf dessen ehemaliger Startbahn heute ein Mahnmal an sie erinnert. Gearbeitet wurde \u00fcberwiegend in den umliegenden Steinbr\u00fcchen, am Ausbau der Startbahn und am Bau von zwei Rollwegen.<br><br>Die Gefangenen waren zwischen 14 und 60 Jahre alt und stammten aus 16 verschiedenen L\u00e4ndern. Die meisten waren, bevor sie hierher kamen, in Auschwitz gewesen. Viele hatten dort ihre Eltern, Geschwister oder Kinder verloren. Etwa 50 der H\u00e4ftlinge kamen aus dem Baltikum.<br><br>Als Lager diente eine umz\u00e4unte und bewachte Flugzeughalle. Die H\u00e4ftlinge schliefen anfangs auf dem blanken Boden, der nur mit Stroh ausgestreut war. Es gab unzul\u00e4ngliche sanit\u00e4re Einrichtungen und keine \u00e4rztliche Versorgung. Viele H\u00e4ftlinge starben in Folge von schwerer Arbeit, K\u00e4lte, Krankheiten und Unterern\u00e4hrung. Einzelne \u00dcberlebende erinnern sich, auf dem Weg zur Arbeit etwas Essbares von Anwohnenden erhalten zu haben.<br><br>Mitte Februar 1945 wurde das Lager ger\u00e4umt und die \u00fcberlebenden H\u00e4ftlinge in die Konzentrationslager Vaihingen\/Enz, Dautmergen, Allach und Bergen-Belsen gebracht, wo viele von ihnen starben. In Hailfingen selbst ist der Tod von 189 H\u00e4ftlingen nachgewiesen: Zwischen dem 21.11.1944 und dem 5.1.1945 wurden im Krematorium in Reutlingen 99 Tote des Lagers verbrannt. 15 H\u00e4ftlinge, die zwischen dem 4.12. und dem 9.12.1944 starben, wurden im Krematorium in Esslingen einge\u00e4schert. In einem Massengrab, das am 1.6.1945 entdeckt wurde, lagen 75 Leichen.<\/p>\n","protected":false},"excerpt":{"rendered":"<p>Der Hailfinger Flugplatz sollte im Jahr 1944 so erweitert werden, dass er sich f\u00fcr den Einsatz von Nachtj\u00e4gern eignet. Aus Mangel an deutschen Arbeitskr\u00e4ften wurden bei den Bauarbeiten bis zum Ende des Zweiten Weltkriegs ca. 2000 Kriegsgefangene, Zwangsarbeiter und KZ-H\u00e4ftlinge zur Arbeit gezwungen. Am 19.11.1944 traf ein Transport vom Konzentrationslager Stutthof (bei Danzig) ein, der [&hellip;]<\/p>\n","protected":false},"author":1,"featured_media":0,"parent":0,"menu_order":0,"comment_status":"closed","ping_status":"closed","template":"","meta":[],"_links":{"self":[{"href":"https:\/\/kz-gedenkstaette-hailfingen-tailfingen.de\/index.php\/wp-json\/wp\/v2\/pages\/698"}],"collection":[{"href":"https:\/\/kz-gedenkstaette-hailfingen-tailfingen.de\/index.php\/wp-json\/wp\/v2\/pages"}],"about":[{"href":"https:\/\/kz-gedenkstaette-hailfingen-tailfingen.de\/index.php\/wp-json\/wp\/v2\/types\/page"}],"author":[{"embeddable":true,"href":"https:\/\/kz-gedenkstaette-hailfingen-tailfingen.de\/index.php\/wp-json\/wp\/v2\/users\/1"}],"replies":[{"embeddable":true,"href":"https:\/\/kz-gedenkstaette-hailfingen-tailfingen.de\/index.php\/wp-json\/wp\/v2\/comments?post=698"}],"version-history":[{"count":5,"href":"https:\/\/kz-gedenkstaette-hailfingen-tailfingen.de\/index.php\/wp-json\/wp\/v2\/pages\/698\/revisions"}],"predecessor-version":[{"id":1438,"href":"https:\/\/kz-gedenkstaette-hailfingen-tailfingen.de\/index.php\/wp-json\/wp\/v2\/pages\/698\/revisions\/1438"}],"wp:attachment":[{"href":"https:\/\/kz-gedenkstaette-hailfingen-tailfingen.de\/index.php\/wp-json\/wp\/v2\/media?parent=698"}],"curies":[{"name":"wp","href":"https:\/\/api.w.org\/{rel}","templated":true}]}}