{"id":672,"date":"2020-11-15T21:23:14","date_gmt":"2020-11-15T21:23:14","guid":{"rendered":"https:\/\/kz-gedenkstaette-hailfingen-tailfingen.de\/?page_id=672"},"modified":"2023-01-09T15:12:36","modified_gmt":"2023-01-09T15:12:36","slug":"jugend-erinnert","status":"publish","type":"page","link":"https:\/\/kz-gedenkstaette-hailfingen-tailfingen.de\/index.php\/jugend-erinnert\/","title":{"rendered":"Jugend erinnert"},"content":{"rendered":"\n<p>Innerhalb von 21 Monaten konnten \u2013 trotz der Einschr\u00e4nkungen durch die Corona-Pandemie \u00fcber weite Phasen \u2013 vielf\u00e4ltige Projekte durch das F\u00f6rderprogramm \u201eJugend erinnert\u201c umgesetzt werden und zahlreiche Jugendliche erreicht werden. Der Projektzeitraum endete mit dem 31.12.2022.<br><br><strong>\u21d2<\/strong> Einige Eindr\u00fccke, freilich ohne Anspruch auf Vollst\u00e4ndigkeit, liefert unser <a href=\"https:\/\/kz-gedenkstaette-hailfingen-tailfingen.de\/index.php\/category\/jugend-erinnert\/\">Jugend-erinnert-Blog<\/a>.<br><br>Im Jahr 2019 hat die Beauftragte der Bundesregierung f\u00fcr Kultur und Medien im Rahmen des F\u00f6rderprogramms \u201eJugend erinnert\u201c eine Ausschreibung f\u00fcr Projekte bei Gedenkst\u00e4tten zu Naziverbrechen neu aufgelegt.<\/p>\n\n\n\n<blockquote class=\"wp-block-quote\"><p><em>\u201eDie Auseinandersetzung mit der Zeit des Nationalsozialismus hat auch 75 Jahre nach Ende des Zweiten Weltkriegs und 70 Jahre nach Inkrafttreten des Grundgesetzes nicht an Bedeutung verloren. Ganz im Gegenteil: Zunehmende gesellschaftliche Spannungen und aktuell kontrovers gef\u00fchrte Debatten \u00fcber den Umgang Deutschlands mit seiner Vergangenheit f\u00fchren die Notwendigkeit vor Augen, insbesondere nachwachsenden Generationen historisches Wissen m\u00f6glichst so zu vermitteln, dass junge Menschen die Gegenwartsrelevanz der Geschichte begreifen und einen Bezug zur eigenen Lebenswelt herstellen k\u00f6nnen.\u201c<\/em><\/p><cite>(Quelle: <a href=\"https:\/\/www.bundesregierung.de\/breg-de\/bundesregierung\/staatsministerin-fuer-kultur-und-medien\/aufarbeitung-und-gedenken\/jugend-erinnert\">bundesregierung.de<\/a>)<\/cite><\/blockquote>\n\n\n\n<p><\/p>\n\n\n\n<p>Der Verein KZ Gedenkst\u00e4tte Hailfingen-Tailfingen e.V. hat hierzu f\u00fcr die Erinnerungsarbeit an der Gedenkst\u00e4tte ein Konzept unter der \u00dcberschrift \u201e<strong>Erinnern f\u00fcr eine humane Zukunft<\/strong>\u201c entwickelt. Die Inhalte sind auf die M\u00f6glichkeiten und die Rahmenbedingungen der kleinen Gedenkst\u00e4tte zugeschnitten.<\/p>\n\n\n\n<p><strong>Projektziel<\/strong><\/p>\n\n\n\n<p>Die Gedenkst\u00e4tte zum KZ Au\u00dfenlager Hailfingen\/Tailfingen macht u.a. deutlich, dass der Vernichtungswille der Nazis das ganze Land erfasst hatte und \u00fcberall umgesetzt wurde. Ziel des Projektes ist es, jungen Menschen bewusst zu machen, dass Ideologien, die ausgrenzen, die Menschen bewerten, die Schuldige identifizieren, sich \u00fcberall in der Gesellschaft breit machen. Jugendliche erfahren diese Folgen anhand der Geschichte der H\u00e4ftlinge auf dem Flugplatz. Zusammen mit anderen Jugendlichen, zum Teil aus dem Ausland, erleben sie, dass gemeinsames Tun und Respekt vor dem Anders-Sein und nicht Abgrenzung die Qualit\u00e4t des Lebens ausmacht.<\/p>\n\n\n\n<p><strong>Projektinhalte<\/strong><\/p>\n\n\n\n<ul><li>Workshops f\u00fcr Schulen<\/li><li>Gewinnung und Qualifizierung von Jugendguides<\/li><li>Mediale Workshops f\u00fcr Jugendgruppen der offenen und verbandlichen Jugendarbeit<\/li><li>Kooperation mit Vereinen im Bereich Sport und Musik<\/li><li>Internationale Begegnung<\/li><\/ul>\n\n\n\n<p>Der Verein hat einen F\u00f6rderzuschlag f\u00fcr dieses Projekt bekommen und hat damit die M\u00f6glichkeit zun\u00e4chst 3 Mitarbeitende auf geringf\u00fcgiger Basis f\u00fcr das Projekt zu besch\u00e4ftigen.<\/p>\n\n\n\n<p>Das Projekt konnte zum 1.4.2020 starten.<\/p>\n\n\n\n<p>Gef\u00f6rdert durch:<\/p>\n\n\n\n<figure class=\"wp-block-image size-large\"><img loading=\"lazy\" width=\"243\" height=\"104\" src=\"https:\/\/kz-gedenkstaette-hailfingen-tailfingen.de\/wp-content\/uploads\/2020\/11\/BKM_2017_Web_de.gif\" alt=\"\" class=\"wp-image-597\"\/><\/figure>\n","protected":false},"excerpt":{"rendered":"<p>Innerhalb von 21 Monaten konnten \u2013 trotz der Einschr\u00e4nkungen durch die Corona-Pandemie \u00fcber weite Phasen \u2013 vielf\u00e4ltige Projekte durch das F\u00f6rderprogramm \u201eJugend erinnert\u201c umgesetzt werden und zahlreiche Jugendliche erreicht werden. Der Projektzeitraum endete mit dem 31.12.2022. \u21d2 Einige Eindr\u00fccke, freilich ohne Anspruch auf Vollst\u00e4ndigkeit, liefert unser Jugend-erinnert-Blog. Im Jahr 2019 hat die Beauftragte der Bundesregierung [&hellip;]<\/p>\n","protected":false},"author":1,"featured_media":0,"parent":0,"menu_order":0,"comment_status":"closed","ping_status":"closed","template":"","meta":[],"_links":{"self":[{"href":"https:\/\/kz-gedenkstaette-hailfingen-tailfingen.de\/index.php\/wp-json\/wp\/v2\/pages\/672"}],"collection":[{"href":"https:\/\/kz-gedenkstaette-hailfingen-tailfingen.de\/index.php\/wp-json\/wp\/v2\/pages"}],"about":[{"href":"https:\/\/kz-gedenkstaette-hailfingen-tailfingen.de\/index.php\/wp-json\/wp\/v2\/types\/page"}],"author":[{"embeddable":true,"href":"https:\/\/kz-gedenkstaette-hailfingen-tailfingen.de\/index.php\/wp-json\/wp\/v2\/users\/1"}],"replies":[{"embeddable":true,"href":"https:\/\/kz-gedenkstaette-hailfingen-tailfingen.de\/index.php\/wp-json\/wp\/v2\/comments?post=672"}],"version-history":[{"count":9,"href":"https:\/\/kz-gedenkstaette-hailfingen-tailfingen.de\/index.php\/wp-json\/wp\/v2\/pages\/672\/revisions"}],"predecessor-version":[{"id":1869,"href":"https:\/\/kz-gedenkstaette-hailfingen-tailfingen.de\/index.php\/wp-json\/wp\/v2\/pages\/672\/revisions\/1869"}],"wp:attachment":[{"href":"https:\/\/kz-gedenkstaette-hailfingen-tailfingen.de\/index.php\/wp-json\/wp\/v2\/media?parent=672"}],"curies":[{"name":"wp","href":"https:\/\/api.w.org\/{rel}","templated":true}]}}