{"id":1790,"date":"2022-11-09T12:42:52","date_gmt":"2022-11-09T12:42:52","guid":{"rendered":"https:\/\/kz-gedenkstaette-hailfingen-tailfingen.de\/?page_id=1790"},"modified":"2022-11-09T13:31:44","modified_gmt":"2022-11-09T13:31:44","slug":"unterstuetzen","status":"publish","type":"page","link":"https:\/\/kz-gedenkstaette-hailfingen-tailfingen.de\/index.php\/unterstuetzen\/","title":{"rendered":"Unterst\u00fctzen Sie uns bitte!"},"content":{"rendered":"\n<div class=\"wp-block-image\"><figure class=\"aligncenter size-large\"><img loading=\"lazy\" width=\"1024\" height=\"576\" src=\"https:\/\/kz-gedenkstaette-hailfingen-tailfingen.de\/wp-content\/uploads\/2022\/11\/IMG_8796-b-1200x675-2-1024x576.jpg\" alt=\"\" class=\"wp-image-1798\" srcset=\"https:\/\/kz-gedenkstaette-hailfingen-tailfingen.de\/wp-content\/uploads\/2022\/11\/IMG_8796-b-1200x675-2-1024x576.jpg 1024w, https:\/\/kz-gedenkstaette-hailfingen-tailfingen.de\/wp-content\/uploads\/2022\/11\/IMG_8796-b-1200x675-2-300x169.jpg 300w, https:\/\/kz-gedenkstaette-hailfingen-tailfingen.de\/wp-content\/uploads\/2022\/11\/IMG_8796-b-1200x675-2-768x432.jpg 768w, https:\/\/kz-gedenkstaette-hailfingen-tailfingen.de\/wp-content\/uploads\/2022\/11\/IMG_8796-b-1200x675-2.jpg 1200w\" sizes=\"(max-width: 1024px) 100vw, 1024px\" \/><figcaption><font color=\"black\">Zeremonie am Holocaustgedenktag 2022 \u2013 Foto: J. Kuhn<\/font><\/figcaption><\/figure><\/div>\n\n\n\n<p>Seit der Einweihung des Mahnmals und des Dokumentationszentrums im Juni 2010 wird in einer w\u00fcrdigen Form an die 601 Juden erinnert, die im KZ-Au\u00dfenlager Hailfingen\/Tailfingen leben und vielfach sterben mussten. <br>Die Gedenkst\u00e4tte ist ein lebendiger Ort: In jedem Jahr wird sie von zahlreichen Schulklassen und Gruppen besucht, regelm\u00e4\u00dfe Veranstaltungen finden statt und Projekte mit Jugendlichen aus aller Welt werden entwickelt, geplant und durchgef\u00fchrt. Nur durch ungeheuerlich viel ehrenamtliches Engagement war und ist dieser Erfolg in Sachen Aufarbeitung m\u00f6glich.<br>Neue Ideen entstehen und nehmen Form an, die Ausstellung wird st\u00e4ndig \u00fcberarbeitet. So erinnern inzwischen die sogenannten Denk-Pfeiler an die Zwangsarbeiter und Kriegsgefangenen des Lagers. Der Gedenkpfad wird zur Zeit mit einem Audioguide versehen.<br>Durch intensive Forschung treten immer neue Details zur Geschichte des Lagers und zu den Geschichten der H\u00e4ftlinge an die Oberfl\u00e4che. Davon wird nicht nur in unseren regelm\u00e4\u00dfigen Ver\u00f6ffentlichungen berichtet \u2013 immer wieder gelingt es, Angeh\u00f6rige von H\u00e4ftlingen \u00fcber das viel zu lang unbekannte Schicksal ihrer V\u00e4ter oder Gro\u00dfv\u00e4ter zu informieren. Nicht wenige kamen bereits zu Besuch, um zu trauern, nachzudenken und die Ehrenamtlichen unseres Vereins kennenzulernen. Es gab bewegende Momente; Freundschaften wurden geschlossen.<br>Nachdem den Gedenkst\u00e4tten des Lagerkomplexes Natzweiler-Struthof, zu dem auch Hailfingen z\u00e4hlte, im Juni 2018 das Europ\u00e4ische Kulturerbesiegel verliehen wurde, soll die Ausstellung nach und nach mehrsprachig (dt\/en\/fr) umgesetzt werden.<\/p>\n\n\n\n<p>Wir sind unbedingt auf gro\u00dfz\u00fcgige Spenden angewiesen, um die Gedenkst\u00e4tte in der aktuellen Qualit\u00e4t zu erhalten und weiter auszubauen. In einer Zeit, in der die Erinnerungen aus erster Hand immer schw\u00e4cher werden und Politiker gew\u00e4hlt werden, die den Holocaust als&nbsp;<em>Vogelschiss<\/em>&nbsp;verharmlosen, ist es umso wichtiger, uns und unsere Kinder mit den regionalen Schrecken des Nationalsozialismus vertraut zu machen. Denn was hier stattfand, soll nie wieder geschehen k\u00f6nnen.<\/p>\n\n\n\n<div class=\"wp-block-image\"><figure class=\"aligncenter size-large\"><img loading=\"lazy\" width=\"1024\" height=\"576\" src=\"https:\/\/kz-gedenkstaette-hailfingen-tailfingen.de\/wp-content\/uploads\/2022\/11\/P1210959-fuer-wp-1200x675-1-1024x576.jpg\" alt=\"\" class=\"wp-image-1803\" srcset=\"https:\/\/kz-gedenkstaette-hailfingen-tailfingen.de\/wp-content\/uploads\/2022\/11\/P1210959-fuer-wp-1200x675-1-1024x576.jpg 1024w, https:\/\/kz-gedenkstaette-hailfingen-tailfingen.de\/wp-content\/uploads\/2022\/11\/P1210959-fuer-wp-1200x675-1-300x169.jpg 300w, https:\/\/kz-gedenkstaette-hailfingen-tailfingen.de\/wp-content\/uploads\/2022\/11\/P1210959-fuer-wp-1200x675-1-768x432.jpg 768w, https:\/\/kz-gedenkstaette-hailfingen-tailfingen.de\/wp-content\/uploads\/2022\/11\/P1210959-fuer-wp-1200x675-1.jpg 1200w\" sizes=\"(max-width: 1024px) 100vw, 1024px\" \/><figcaption><font color=\"black\">Einweihung der Gedenkwand f\u00fcr die griechischen Zwangsarbeiter, Mai 2022 \u2013 Foto: W. Kuhn<\/font><\/figcaption><\/figure><\/div>\n\n\n\n<p>Um gr\u00f6\u00dfere, l\u00e4ngerfristige Projekte planen zu k\u00f6nnen, ist es sehr wichtig f\u00fcr uns, regelm\u00e4\u00dfige Zuwendungen zu erhalten.<\/p>\n\n\n\n<p><strong>Werden Sie deshalb Mitglied im Verein!<\/strong><\/p>\n\n\n\n<p>Der Jahresbeitrag ist mit 20 Euro (f\u00fcr Privatpersonen) sehr gering gehalten, um m\u00f6glichst vielen Menschen diesen Schritt zu erm\u00f6glichen. Unterst\u00fctzen Sie bitte unsere Erinnerungsarbeit!<\/p>\n\n\n\n<p>Bitte beachten Sie unsere Hinweise zum&nbsp;<a href=\"https:\/\/kz-gedenkstaette-hailfingen-tailfingen.de\/index.php\/datenschutz\/\">Datenschutz<\/a>!<\/p>\n\n\n\n<div class=\"wp-block-file\"><a href=\"https:\/\/kz-gedenkstaette-hailfingen-tailfingen.de\/wp-content\/uploads\/2022\/11\/kzht.v.un_beitritt-4_a.pdf\">Beitrittserkl\u00e4rung f\u00fcr Privatpersonen<\/a><a href=\"https:\/\/kz-gedenkstaette-hailfingen-tailfingen.de\/wp-content\/uploads\/2022\/11\/kzht.v.un_beitritt-4_a.pdf\" class=\"wp-block-file__button\" download>Herunterladen<\/a><\/div>\n\n\n\n<div class=\"wp-block-file\"><a href=\"https:\/\/kz-gedenkstaette-hailfingen-tailfingen.de\/wp-content\/uploads\/2022\/11\/kzht.v.un_beitritt-4_b.pdf\">Beitrittserkl\u00e4rung f\u00fcr Institutionen<\/a><a href=\"https:\/\/kz-gedenkstaette-hailfingen-tailfingen.de\/wp-content\/uploads\/2022\/11\/kzht.v.un_beitritt-4_b.pdf\" class=\"wp-block-file__button\" download>Herunterladen<\/a><\/div>\n\n\n\n<p><strong>Vielen Dank f\u00fcr Ihre Mithilfe!<\/strong><\/p>\n\n\n\n<p>Nat\u00fcrlich freuen wir uns auch \u00fcber einmalige Spenden:<\/p>\n\n\n\n<p>Konto-Inh.: KZ-Gedenkst\u00e4tte H\/T e. V.<br>IBAN: DE15603501300000074957<br>BIC: BBKRDE6BXXX<br>Bankinstitut: Kreissparkasse B\u00f6blingen<\/p>\n\n\n\n<p>Spenden sind aufgrund der Gemeinn\u00fctzigkeit des Vereins von der Steuer absetzbar.<\/p>\n","protected":false},"excerpt":{"rendered":"<p>Seit der Einweihung des Mahnmals und des Dokumentationszentrums im Juni 2010 wird in einer w\u00fcrdigen Form an die 601 Juden erinnert, die im KZ-Au\u00dfenlager Hailfingen\/Tailfingen leben und vielfach sterben mussten. Die Gedenkst\u00e4tte ist ein lebendiger Ort: In jedem Jahr wird sie von zahlreichen Schulklassen und Gruppen besucht, regelm\u00e4\u00dfe Veranstaltungen finden statt und Projekte mit Jugendlichen [&hellip;]<\/p>\n","protected":false},"author":1,"featured_media":0,"parent":0,"menu_order":0,"comment_status":"closed","ping_status":"closed","template":"","meta":[],"_links":{"self":[{"href":"https:\/\/kz-gedenkstaette-hailfingen-tailfingen.de\/index.php\/wp-json\/wp\/v2\/pages\/1790"}],"collection":[{"href":"https:\/\/kz-gedenkstaette-hailfingen-tailfingen.de\/index.php\/wp-json\/wp\/v2\/pages"}],"about":[{"href":"https:\/\/kz-gedenkstaette-hailfingen-tailfingen.de\/index.php\/wp-json\/wp\/v2\/types\/page"}],"author":[{"embeddable":true,"href":"https:\/\/kz-gedenkstaette-hailfingen-tailfingen.de\/index.php\/wp-json\/wp\/v2\/users\/1"}],"replies":[{"embeddable":true,"href":"https:\/\/kz-gedenkstaette-hailfingen-tailfingen.de\/index.php\/wp-json\/wp\/v2\/comments?post=1790"}],"version-history":[{"count":6,"href":"https:\/\/kz-gedenkstaette-hailfingen-tailfingen.de\/index.php\/wp-json\/wp\/v2\/pages\/1790\/revisions"}],"predecessor-version":[{"id":1805,"href":"https:\/\/kz-gedenkstaette-hailfingen-tailfingen.de\/index.php\/wp-json\/wp\/v2\/pages\/1790\/revisions\/1805"}],"wp:attachment":[{"href":"https:\/\/kz-gedenkstaette-hailfingen-tailfingen.de\/index.php\/wp-json\/wp\/v2\/media?parent=1790"}],"curies":[{"name":"wp","href":"https:\/\/api.w.org\/{rel}","templated":true}]}}