{"id":1113,"date":"2021-05-04T15:36:40","date_gmt":"2021-05-04T15:36:40","guid":{"rendered":"https:\/\/kz-gedenkstaette-hailfingen-tailfingen.de\/?page_id=1113"},"modified":"2025-07-19T13:29:27","modified_gmt":"2025-07-19T13:29:27","slug":"links","status":"publish","type":"page","link":"https:\/\/kz-gedenkstaette-hailfingen-tailfingen.de\/index.php\/links\/","title":{"rendered":"Links"},"content":{"rendered":"\n<p><a href=\"http:\/\/www.gedenkpfad.info\/\">Gedenkpfad der KZ-Gedenkst\u00e4tte Hailfingen\/Tailfingen<\/a><br>Hier finden sich Audioguide-Titel zur Erkundung des Au\u00dfengel\u00e4ndes und die zugeh\u00f6rigen Flyer.<\/p>\n\n\n\n<p><a href=\"https:\/\/www.youtube.com\/channel\/UC99IJXcTE2CT7jvH-vY1dKA\">Youtube-Kanal der KZ-Gedenkst\u00e4tte Hailfingen\/Tailfingen<\/a><br>Hier werden Veranstaltungsmitschnitte und weitere Videos ver\u00f6ffentlicht.<\/p>\n\n\n\n<p><a href=\"https:\/\/www.instagram.com\/kzgedenkstaette\/\">Instagram-Kanal der KZ-Gedenkst\u00e4tte Hailfingen\/Tailfingen (Hauptkanal)<\/a><br><a href=\"https:\/\/www.instagram.com\/livingmemory_hailfingen\/\">Instagram-Kanal der KZ-Gedenkst\u00e4tte Hailfingen\/Tailfingen (Living Memory)<\/a><br>Unsere Vorst\u00e4nde Benjamin Merkt und Anna Pajdakovic wenden sich mit diesen Kan\u00e4len an ein junges Publikum<\/p>\n\n\n\n<p><a href=\"https:\/\/www.gedenkstaettenverbund-gna.org\/gedenkstaetten-a-bildungsangebote\/hailfingen-tailfingen\/uebersicht\">KZ-Gedenkst\u00e4tte Hailfingen\/Tailfingen im Webangebot des Gedenkst\u00e4ttenverbunds G\u00e4u-Neckar-Alb<\/a><br>Der Verbund ist ein regionaler Dachverband, der zehn Gedenkst\u00e4tten vereint, u. a. die KZ-Gedenkst\u00e4tte Hailfingen\/Tailfingen.<\/p>\n\n\n\n<p><a href=\"http:\/\/www.gaeufelden.de\/index.php?id=202\">KZ-Gedenkst\u00e4tte auf der Webseite der Gemeinde G\u00e4ufelden<\/a> <br>Tailfingen ist ein Ortsteil von G\u00e4ufelden.<\/p>\n\n\n\n<p><a href=\"http:\/\/www.rottenburg.de\/sixcms\/detail.php?id=27569&amp;lnav=10602\">KZ-Gedenkst\u00e4tte auf der Webseite der Stadt Rottenburg<\/a> <br>Hailfingen ist ein Stadtteil von Rottenburg.<\/p>\n\n\n\n<p><a href=\"http:\/\/www.gegen-vergessen.de\/\">Gegen Vergessen \u2013 F\u00fcr Demokratie e. V.<\/a> <br>Die Vereins-Sektion B\u00f6blingen-Herrenberg-T\u00fcbingen hat die Gedenkst\u00e4tte mit aufgebaut und kooperiert bei vielen Veranstaltungen.<\/p>\n\n\n\n<p><a href=\"https:\/\/zeitreise-bb.de\/kz_auss\/\">KZ-Gedenkst\u00e4tte auf der Webseite Zeitreise BB<\/a><br>Online-Portal des Kreisarchivs B\u00f6blingen zur Geschichte, Kultur und Landeskunde des Landkreises B\u00f6blingen.<\/p>\n","protected":false},"excerpt":{"rendered":"<p>Gedenkpfad der KZ-Gedenkst\u00e4tte Hailfingen\/TailfingenHier finden sich Audioguide-Titel zur Erkundung des Au\u00dfengel\u00e4ndes und die zugeh\u00f6rigen Flyer. Youtube-Kanal der KZ-Gedenkst\u00e4tte Hailfingen\/TailfingenHier werden Veranstaltungsmitschnitte und weitere Videos ver\u00f6ffentlicht. Instagram-Kanal der KZ-Gedenkst\u00e4tte Hailfingen\/Tailfingen (Hauptkanal)Instagram-Kanal der KZ-Gedenkst\u00e4tte Hailfingen\/Tailfingen (Living Memory)Unsere Vorst\u00e4nde Benjamin Merkt und Anna Pajdakovic wenden sich mit diesen Kan\u00e4len an ein junges Publikum KZ-Gedenkst\u00e4tte Hailfingen\/Tailfingen im Webangebot des [&hellip;]<\/p>\n","protected":false},"author":1,"featured_media":0,"parent":0,"menu_order":0,"comment_status":"closed","ping_status":"closed","template":"","meta":[],"_links":{"self":[{"href":"https:\/\/kz-gedenkstaette-hailfingen-tailfingen.de\/index.php\/wp-json\/wp\/v2\/pages\/1113"}],"collection":[{"href":"https:\/\/kz-gedenkstaette-hailfingen-tailfingen.de\/index.php\/wp-json\/wp\/v2\/pages"}],"about":[{"href":"https:\/\/kz-gedenkstaette-hailfingen-tailfingen.de\/index.php\/wp-json\/wp\/v2\/types\/page"}],"author":[{"embeddable":true,"href":"https:\/\/kz-gedenkstaette-hailfingen-tailfingen.de\/index.php\/wp-json\/wp\/v2\/users\/1"}],"replies":[{"embeddable":true,"href":"https:\/\/kz-gedenkstaette-hailfingen-tailfingen.de\/index.php\/wp-json\/wp\/v2\/comments?post=1113"}],"version-history":[{"count":7,"href":"https:\/\/kz-gedenkstaette-hailfingen-tailfingen.de\/index.php\/wp-json\/wp\/v2\/pages\/1113\/revisions"}],"predecessor-version":[{"id":2969,"href":"https:\/\/kz-gedenkstaette-hailfingen-tailfingen.de\/index.php\/wp-json\/wp\/v2\/pages\/1113\/revisions\/2969"}],"wp:attachment":[{"href":"https:\/\/kz-gedenkstaette-hailfingen-tailfingen.de\/index.php\/wp-json\/wp\/v2\/media?parent=1113"}],"curies":[{"name":"wp","href":"https:\/\/api.w.org\/{rel}","templated":true}]}}